{"id":2,"date":"2023-01-25T19:58:22","date_gmt":"2023-01-25T23:58:22","guid":{"rendered":"https:\/\/data.com.ve\/?page_id=2"},"modified":"2023-12-09T11:17:17","modified_gmt":"2023-12-09T15:17:17","slug":"quienes_somos","status":"publish","type":"page","link":"https:\/\/data.com.ve\/blogs\/quienes_somos\/","title":{"rendered":"Qui\u00e9nes somos"},"content":{"rendered":"\n<h2 class=\"wp-block-heading\"><strong>DATA COMUNICACIONES VE C.A.<\/strong><\/h2>\n\n\n\n<p>Somos una empresa joven ubicada en la ciudad de Valencia Venezuela, conformada por un equipo de profesionales con m\u00e1s de 20 a\u00f1os de experiencia  en diversas \u00e1reas relacionadas con la integraci\u00f3n de tecnolog\u00edas inform\u00e1ticas, desarrollo de sistemas, computaci\u00f3n, redes de datos y montaje de infraestructura de datacenter para telecomunicaciones.<\/p>\n\n\n\n<p><\/p>\n\n\n\n<blockquote class=\"wp-block-quote is-layout-flow wp-block-quote-is-layout-flow\">\n<p><strong>NUESTRA MISI\u00d3N:<\/strong>   Es poder brindar soluciones tecnol\u00f3gicas efectivas que permitan  mejorar y potenciar las  comunicaciones de voz y datos de nuestros clientes, con propuestas de integraci\u00f3n acertadas y dise\u00f1adas para cada uno de ellos,  a trav\u00e9s de la  prestaci\u00f3n de servicios de soporte, consultor\u00eda  y desarrollo  confiable  de alta calidad y con car\u00e1cter personalizado. <\/p>\n<\/blockquote>\n\n\n\n<p><\/p>\n\n\n\n<blockquote class=\"wp-block-quote is-layout-flow wp-block-quote-is-layout-flow\">\n<p><strong>NUESTRA VISI\u00d3N:<\/strong>  Ser una empresa lider con presencia  nacional e internacional en la prestaci\u00f3n de  soluciones tecnol\u00f3gicas empresariales.<\/p>\n<\/blockquote>\n\n\n\n<p><\/p>\n\n\n\n<blockquote class=\"wp-block-quote is-layout-flow wp-block-quote-is-layout-flow\">\n<p><strong>VALOR CORPORATIVO:<\/strong> Nuestras p\u00f3liticas de calidad de servicio se fundamentan en los siguientes valores; #Honestidad #Soporte #Eficiencia #Desarrollo #Innovaci\u00f3n #Profesional\u00edsmo #Seguridad #Confianza y sobre todo #Confidencialidad<\/p>\n<\/blockquote>\n\n\n\n<p><\/p>\n\n\n\n<p>Para cualquier informaci\u00f3n no dudes en escribirnos a trav\u00e9s del siguiente enlace de <a href=\"https:\/\/api.whatsapp.com\/send\/?phone=584144240744&amp;text&amp;type=phone_number&amp;app_absent=0\">CONTACTO.<\/a><\/p>\n\n\n\n<p> <\/p>\n\n\n\n<p><strong>DATA COMUNICACIONES V.E. C.A.<\/strong> <\/p>\n\n\n\n<p>RIF. J-503449926<\/p>\n\n\n<div class=\"wp-block-image\">\n<figure class=\"aligncenter size-large\"><img loading=\"lazy\" decoding=\"async\" width=\"1024\" height=\"178\" src=\"https:\/\/data.com.ve\/wp-content\/uploads\/2023\/05\/DATA-PARTNERTS-1024x178.jpg\" alt=\"partners: Ruijie Reyee Cisco Mikrotik nexxt mimosa fortinet Ubiquiti Tp-link, network solutions data comunicaciones\" class=\"wp-image-366\" srcset=\"https:\/\/data.com.ve\/blogs\/wp-content\/uploads\/2023\/05\/DATA-PARTNERTS-1024x178.jpg 1024w, https:\/\/data.com.ve\/blogs\/wp-content\/uploads\/2023\/05\/DATA-PARTNERTS-300x52.jpg 300w, https:\/\/data.com.ve\/blogs\/wp-content\/uploads\/2023\/05\/DATA-PARTNERTS-768x133.jpg 768w, https:\/\/data.com.ve\/blogs\/wp-content\/uploads\/2023\/05\/DATA-PARTNERTS.jpg 1375w\" sizes=\"auto, (max-width: 1024px) 100vw, 1024px\" \/><\/figure>\n<\/div>\n\n\n<p><\/p>\n\n\n\n<p><\/p>\n","protected":false},"excerpt":{"rendered":"<p>DATA COMUNICACIONES VE C.A. Somos una empresa joven ubicada en la ciudad de Valencia Venezuela, conformada por un equipo de profesionales con m\u00e1s de 20 a\u00f1os de experiencia en diversas \u00e1reas relacionadas con la integraci\u00f3n de tecnolog\u00edas inform\u00e1ticas, desarrollo de sistemas, computaci\u00f3n, redes de datos y montaje de infraestructura de datacenter para telecomunicaciones. NUESTRA MISI\u00d3N: [&hellip;]<\/p>\n","protected":false},"author":1,"featured_media":65,"parent":0,"menu_order":0,"comment_status":"closed","ping_status":"open","template":"template\/fullwidth.php","meta":{"footnotes":""},"class_list":["post-2","page","type-page","status-publish","has-post-thumbnail","hentry"],"_links":{"self":[{"href":"https:\/\/data.com.ve\/blogs\/wp-json\/wp\/v2\/pages\/2","targetHints":{"allow":["GET"]}}],"collection":[{"href":"https:\/\/data.com.ve\/blogs\/wp-json\/wp\/v2\/pages"}],"about":[{"href":"https:\/\/data.com.ve\/blogs\/wp-json\/wp\/v2\/types\/page"}],"author":[{"embeddable":true,"href":"https:\/\/data.com.ve\/blogs\/wp-json\/wp\/v2\/users\/1"}],"replies":[{"embeddable":true,"href":"https:\/\/data.com.ve\/blogs\/wp-json\/wp\/v2\/comments?post=2"}],"version-history":[{"count":32,"href":"https:\/\/data.com.ve\/blogs\/wp-json\/wp\/v2\/pages\/2\/revisions"}],"predecessor-version":[{"id":443,"href":"https:\/\/data.com.ve\/blogs\/wp-json\/wp\/v2\/pages\/2\/revisions\/443"}],"wp:featuredmedia":[{"embeddable":true,"href":"https:\/\/data.com.ve\/blogs\/wp-json\/wp\/v2\/media\/65"}],"wp:attachment":[{"href":"https:\/\/data.com.ve\/blogs\/wp-json\/wp\/v2\/media?parent=2"}],"curies":[{"name":"wp","href":"https:\/\/api.w.org\/{rel}","templated":true}]}}