{"id":223,"date":"2023-02-16T22:34:53","date_gmt":"2023-02-17T02:34:53","guid":{"rendered":"https:\/\/data.com.ve\/?page_id=223"},"modified":"2024-08-13T15:27:31","modified_gmt":"2024-08-13T19:27:31","slug":"infraestructura-de-datos","status":"publish","type":"page","link":"https:\/\/data.com.ve\/blogs\/productos\/infraestructura-de-datos\/","title":{"rendered":"INFRAESTRUCTURA DE DATOS"},"content":{"rendered":"\n<p><\/p>\n\n\n\n<p>Nos gustar\u00eda asesorarte o mejor a\u00fan, <strong>\u00a1ser parte de tu equipo!<\/strong> de trabajo a la hora de montar, configurar o administrar tu infraestructura de datos, nuestra  especialidad es  poder brindarte el   soporte necesario para que tus servicios o sistemas de datos fluyan de manera correcta en tus redes<strong> LAN\/MAN\/WAN<\/strong>, con la implementaci\u00f3n de normas de  QoS <strong>(Calidad de Servicio),<\/strong> correcci\u00f3n y segmentaci\u00f3n de  dominios de broadcast ,  pol\u00edticas  correctas  de  firewall, routing  y  swichting,  siempre  trabajando de  la  mano  con nuestros mejores aliados y proveedores del mundo como por ejemplo; Cisco, Fortinet, Mikrotik, Ubiquiti, Mimosa, Cambium, entre otros.<\/p>\n\n\n\n<figure class=\"wp-block-gallery has-nested-images columns-default is-cropped wp-block-gallery-1 is-layout-flex wp-block-gallery-is-layout-flex\">\n<figure class=\"wp-block-image size-large\"><img loading=\"lazy\" decoding=\"async\" width=\"512\" height=\"342\" data-id=\"118\" src=\"https:\/\/data.com.ve\/wp-content\/uploads\/2023\/02\/admin.jpg\" alt=\"\" class=\"wp-image-118\" srcset=\"https:\/\/data.com.ve\/blogs\/wp-content\/uploads\/2023\/02\/admin.jpg 512w, https:\/\/data.com.ve\/blogs\/wp-content\/uploads\/2023\/02\/admin-300x200.jpg 300w\" sizes=\"auto, (max-width: 512px) 100vw, 512px\" \/><\/figure>\n\n\n\n<figure class=\"wp-block-image size-large\"><img loading=\"lazy\" decoding=\"async\" width=\"850\" height=\"400\" data-id=\"229\" src=\"https:\/\/data.com.ve\/wp-content\/uploads\/2023\/02\/DATA-infraestructura-daacenter2.jpg\" alt=\"\" class=\"wp-image-229\" srcset=\"https:\/\/data.com.ve\/blogs\/wp-content\/uploads\/2023\/02\/DATA-infraestructura-daacenter2.jpg 850w, https:\/\/data.com.ve\/blogs\/wp-content\/uploads\/2023\/02\/DATA-infraestructura-daacenter2-300x141.jpg 300w, https:\/\/data.com.ve\/blogs\/wp-content\/uploads\/2023\/02\/DATA-infraestructura-daacenter2-768x361.jpg 768w\" sizes=\"auto, (max-width: 850px) 100vw, 850px\" \/><\/figure>\n\n\n\n<figure class=\"wp-block-image size-large\"><img loading=\"lazy\" decoding=\"async\" width=\"752\" height=\"530\" data-id=\"44\" src=\"https:\/\/data.com.ve\/wp-content\/uploads\/2023\/01\/REDES-DE-DATOS.jpg\" alt=\"\" class=\"wp-image-44\" srcset=\"https:\/\/data.com.ve\/blogs\/wp-content\/uploads\/2023\/01\/REDES-DE-DATOS.jpg 752w, https:\/\/data.com.ve\/blogs\/wp-content\/uploads\/2023\/01\/REDES-DE-DATOS-300x211.jpg 300w\" sizes=\"auto, (max-width: 752px) 100vw, 752px\" \/><\/figure>\n<\/figure>\n\n\n\n<pre class=\"wp-block-preformatted\"><\/pre>\n\n\n\n<p><\/p>\n\n\n\n<h2 class=\"wp-block-heading\">PRODUCTOS Y SERVICIOS<\/h2>\n\n\n\n<ul class=\"wp-block-list\">\n<li>CONSULTOR\u00cdA Y AUDITOR\u00cdA DE REDES DE DATOS.<\/li>\n\n\n\n<li>DISE\u00d1O Y MONTAJE DE REDES DE DATOS ALAMBRICAS.<\/li>\n\n\n\n<li><a href=\"https:\/\/data.com.ve\/2023\/01\/30\/redes-wifi-unificadas\/\">DISE\u00d1O Y MONTAJE DE REDES WIFI O MALLAS UNIFICADAS.<\/a><\/li>\n\n\n\n<li><a href=\"https:\/\/data.com.ve\/2023\/03\/21\/enlaces-de-datos-ptp-punto-a-punto\/\">INSTALACI\u00d3N DE ENLACES INALAMBRICOS PTP\/ PMTP PARA INTERCONEXI\u00d3N DE SUCURSALES.<\/a><\/li>\n\n\n\n<li>INSTALACI\u00d3N DE EQUIPAMIENTO DE DATACENTER ROUTING\/SWITCHING.<\/li>\n\n\n\n<li>INSTALACI\u00d3N Y ADMINISTRACI\u00d3N  DE SERVIDORES DE DATOS.<\/li>\n\n\n\n<li>INSTALACI\u00d3N Y ADMINISTRACI\u00d3N DE CENTRALES TELEF\u00d3NICAS PRIVADAS (VOIP).<\/li>\n\n\n\n<li>INSTALACI\u00d3N Y ADMINISTRACI\u00d3N DE BALANCEADORES Y SISTEMAS DE RESPALDO (FAILOVER ISP).<\/li>\n\n\n\n<li><a href=\"https:\/\/data.com.ve\/2023\/03\/19\/mantenimiento-de-datacenter\/\">MANTENIMIENTO Y SANEAMIENTO DE INFRAESTRUCTURA DE DATACENTER<\/a>.<\/li>\n\n\n\n<li><a href=\"https:\/\/data.com.ve\/2023\/11\/18\/conectando-sucursales\/\">INTERCONEXI\u00d3N IP DE OFICINAS Y SUCURSALES <\/a>. (Servicio de contrataci\u00f3n mensual)<\/li>\n\n\n\n<li><a href=\"https:\/\/data.com.ve\/2024\/08\/13\/escritorios-remotos-rdp\/\">SERVICIO DE ENRUTAMIENTO DE TRAFICO Y ACCESSO DE ESCRITORIOS REMOTOS (RDP)<\/a>.(Servicio de contrataci\u00f3n mensual)<\/li>\n\n\n\n<li>ADMINISTRACI\u00d3N Y MONITOREO DE REDES DE DATOS PARA PYMES. (Servicio de contrataci\u00f3n mensual).<\/li>\n<\/ul>\n\n\n\n<p><\/p>\n\n\n\n<p>Para cualquier informaci\u00f3n no dudes en escribirnos a trav\u00e9s del siguiente enlace de <a href=\"https:\/\/api.whatsapp.com\/send\/?phone=584144240744&amp;text&amp;type=phone_number&amp;app_absent=0\">CONTACTO.<\/a><\/p>\n\n\n\n<h2 class=\"wp-block-heading\"><\/h2>\n\n\n\n<p><\/p>\n\n\n\n<p><\/p>\n\n\n<div class=\"wp-block-image\">\n<figure class=\"aligncenter size-large\"><img loading=\"lazy\" decoding=\"async\" width=\"1024\" height=\"178\" src=\"https:\/\/data.com.ve\/wp-content\/uploads\/2023\/05\/DATA-PARTNERTS-2-1024x178.jpg\" alt=\"partners: Ruijie Reyee Cisco Mikrotik nexxt mimosa fortinet Ubiquiti Tp-link, network solutions data comunicaciones\" class=\"wp-image-372\" srcset=\"https:\/\/data.com.ve\/blogs\/wp-content\/uploads\/2023\/05\/DATA-PARTNERTS-2-1024x178.jpg 1024w, https:\/\/data.com.ve\/blogs\/wp-content\/uploads\/2023\/05\/DATA-PARTNERTS-2-300x52.jpg 300w, https:\/\/data.com.ve\/blogs\/wp-content\/uploads\/2023\/05\/DATA-PARTNERTS-2-768x133.jpg 768w, https:\/\/data.com.ve\/blogs\/wp-content\/uploads\/2023\/05\/DATA-PARTNERTS-2.jpg 1375w\" sizes=\"auto, (max-width: 1024px) 100vw, 1024px\" \/><\/figure>\n<\/div>","protected":false},"excerpt":{"rendered":"<p>Nos gustar\u00eda asesorarte o mejor a\u00fan, \u00a1ser parte de tu equipo! de trabajo a la hora de montar, configurar o administrar tu infraestructura de datos, nuestra especialidad es poder brindarte el soporte necesario para que tus servicios o sistemas de datos fluyan de manera correcta en tus redes LAN\/MAN\/WAN, con la implementaci\u00f3n de normas de [&hellip;]<\/p>\n","protected":false},"author":1,"featured_media":0,"parent":33,"menu_order":0,"comment_status":"closed","ping_status":"closed","template":"template\/fullwidth.php","meta":{"footnotes":""},"class_list":["post-223","page","type-page","status-publish","hentry"],"_links":{"self":[{"href":"https:\/\/data.com.ve\/blogs\/wp-json\/wp\/v2\/pages\/223","targetHints":{"allow":["GET"]}}],"collection":[{"href":"https:\/\/data.com.ve\/blogs\/wp-json\/wp\/v2\/pages"}],"about":[{"href":"https:\/\/data.com.ve\/blogs\/wp-json\/wp\/v2\/types\/page"}],"author":[{"embeddable":true,"href":"https:\/\/data.com.ve\/blogs\/wp-json\/wp\/v2\/users\/1"}],"replies":[{"embeddable":true,"href":"https:\/\/data.com.ve\/blogs\/wp-json\/wp\/v2\/comments?post=223"}],"version-history":[{"count":28,"href":"https:\/\/data.com.ve\/blogs\/wp-json\/wp\/v2\/pages\/223\/revisions"}],"predecessor-version":[{"id":458,"href":"https:\/\/data.com.ve\/blogs\/wp-json\/wp\/v2\/pages\/223\/revisions\/458"}],"up":[{"embeddable":true,"href":"https:\/\/data.com.ve\/blogs\/wp-json\/wp\/v2\/pages\/33"}],"wp:attachment":[{"href":"https:\/\/data.com.ve\/blogs\/wp-json\/wp\/v2\/media?parent=223"}],"curies":[{"name":"wp","href":"https:\/\/api.w.org\/{rel}","templated":true}]}}