{"id":33,"date":"2023-01-25T22:05:43","date_gmt":"2023-01-26T02:05:43","guid":{"rendered":"https:\/\/data.com.ve\/?page_id=33"},"modified":"2023-12-09T11:17:58","modified_gmt":"2023-12-09T15:17:58","slug":"productos","status":"publish","type":"page","link":"https:\/\/data.com.ve\/blogs\/productos\/","title":{"rendered":"Productos y Servicios"},"content":{"rendered":"\n<p>En <strong>DATA,<\/strong> cada d\u00eda nos encanta poder contribuir con el desarrollo y productividad  corporativa de tu organizaci\u00f3n, son m\u00e1s de \u00a120 a\u00f1os de experiencia!, sumando confianza,  es por ello que basados en ese principio desarrollamos propuestas tecnol\u00f3gicas acertadas para implementar herramientas y soluciones que permitan mejorar tus plataformas de  comunicaciones de voz y datos de manera confiable adaptadas a tus requerimientos. <\/p>\n\n\n\n<p><\/p>\n\n\n\n<p>A continuaci\u00f3n,  te presentamos parte de nuestro portafolio de productos principales y servicios destacados.<\/p>\n\n\n\n<p><\/p>\n\n\n\n<p><\/p>\n\n\n\n<p><\/p>\n\n\n\n<h2 class=\"wp-block-heading alignwide has-text-align-center\"><\/h2>\n\n\n\n<div class=\"wp-block-media-text alignwide is-stacked-on-mobile\" style=\"grid-template-columns:26% auto\"><figure class=\"wp-block-media-text__media\"><img loading=\"lazy\" decoding=\"async\" width=\"512\" height=\"342\" src=\"https:\/\/data.com.ve\/wp-content\/uploads\/2023\/02\/admin.jpg\" alt=\"\" class=\"wp-image-118 size-full\" srcset=\"https:\/\/data.com.ve\/blogs\/wp-content\/uploads\/2023\/02\/admin.jpg 512w, https:\/\/data.com.ve\/blogs\/wp-content\/uploads\/2023\/02\/admin-300x200.jpg 300w\" sizes=\"auto, (max-width: 512px) 100vw, 512px\" \/><\/figure><div class=\"wp-block-media-text__content\">\n<h3 class=\"wp-block-heading\"><a href=\"https:\/\/data.com.ve\/productos\/infraestructura-de-datos\/\" target=\"_blank\" rel=\"noreferrer noopener\">INFRAESTRUCTURA DE DATOS<\/a><\/h3>\n\n\n\n<p>Nos gustar\u00eda asesorarte o mejor a\u00fan, <strong> \u00a1ser parte de tu equipo!<\/strong> de trabajo a la hora de montar, configurar o administrar tu infraestructura de datos, nuestra especialidad es poder brindarte el soporte necesario para que tus servicios o sistemas de datos fluyan de manera correcta en tus redes<strong> LAN\/MAN\/WAN<\/strong>, con la implementaci\u00f3n de normas de QoS (Calidad de Servicio), correcci\u00f3n y segmentaci\u00f3n de dominios de broadcast , pol\u00edticas correctas de firewall, routing y swichting, siempre trabajando de la mano con nuestros mejores aliados y proveedores del mundo como por ejemplo; Cisco, Fortinet, Mikrotik, Ubiquiti, Mimosa, Cambium,  entre otros.  <\/p>\n<\/div><\/div>\n\n\n\n<h2 class=\"wp-block-heading has-text-align-center\"><\/h2>\n\n\n\n<div class=\"wp-block-media-text alignwide is-stacked-on-mobile\" style=\"grid-template-columns:26% auto\"><figure class=\"wp-block-media-text__media\"><img loading=\"lazy\" decoding=\"async\" width=\"1024\" height=\"576\" src=\"https:\/\/data.com.ve\/wp-content\/uploads\/2023\/02\/banner-1024x576.jpg\" alt=\"\" class=\"wp-image-147 size-full\" srcset=\"https:\/\/data.com.ve\/blogs\/wp-content\/uploads\/2023\/02\/banner-1024x576.jpg 1024w, https:\/\/data.com.ve\/blogs\/wp-content\/uploads\/2023\/02\/banner-300x169.jpg 300w, https:\/\/data.com.ve\/blogs\/wp-content\/uploads\/2023\/02\/banner-768x432.jpg 768w, https:\/\/data.com.ve\/blogs\/wp-content\/uploads\/2023\/02\/banner-1536x864.jpg 1536w, https:\/\/data.com.ve\/blogs\/wp-content\/uploads\/2023\/02\/banner.jpg 1600w\" sizes=\"auto, (max-width: 1024px) 100vw, 1024px\" \/><\/figure><div class=\"wp-block-media-text__content\">\n<h3 class=\"wp-block-heading\"><a href=\"https:\/\/data.com.ve\/productos\/hosting-personalizado\/\" target=\"_blank\" rel=\"noreferrer noopener\">HOSTING PERSONALIZADO<\/a><\/h3>\n\n\n\n<p>Si est\u00e1s trabajando en el desarrollo de aplicaciones o sistemas en la nube, tenemos para tu proyecto espacio para alojar tu sitio web, o sistemas para aplicaciones bajo el modelo de <strong>VPS (servidoes virtuales)<\/strong>, con las mejores prestaciones en cuanto a estabilidad y disponibilidad de recursos, equipos de \u00faltima generaci\u00f3n  para almacenar tu informaci\u00f3n, ya que contamos con el respaldo de datacenters del tipo TIER IV, ubicados en Centro America, U.S.A y Europa,.<\/p>\n<\/div><\/div>\n\n\n\n<p><\/p>\n\n\n\n<p><\/p>\n\n\n\n<div class=\"wp-block-media-text alignwide is-stacked-on-mobile\" style=\"grid-template-columns:26% auto\"><figure class=\"wp-block-media-text__media\"><img loading=\"lazy\" decoding=\"async\" width=\"446\" height=\"294\" src=\"https:\/\/data.com.ve\/wp-content\/uploads\/2023\/02\/DATA-radiocomunicaciones-1.jpg\" alt=\"\" class=\"wp-image-113 size-full\" srcset=\"https:\/\/data.com.ve\/blogs\/wp-content\/uploads\/2023\/02\/DATA-radiocomunicaciones-1.jpg 446w, https:\/\/data.com.ve\/blogs\/wp-content\/uploads\/2023\/02\/DATA-radiocomunicaciones-1-300x198.jpg 300w\" sizes=\"auto, (max-width: 446px) 100vw, 446px\" \/><\/figure><div class=\"wp-block-media-text__content\">\n<h3 class=\"wp-block-heading\"><a href=\"https:\/\/data.com.ve\/productos\/radiocomunicaciones\/\" target=\"_blank\" rel=\"noreferrer noopener\">RADIOCOMUNICACIONES<\/a><\/h3>\n\n\n\n<p>Tambi\u00e9n podemos brindarte soluciones alternativas en <strong>comunicaciones de voz<\/strong>, sobre todo para esos lugares donde requieras de una comunicaci\u00f3n directa y eficaz la cual permita simplificar procedimientos y mejorar la operatividad de tu organizaci\u00f3n, a trav\u00e9s del montaje o despliegue de plataformas de radio de onda corta e incluso de larga distancia, un sistema de comunicaci\u00f3n ideal para organ\u00edsmos de seguridad, Centros Comerciales, Cl\u00ednicas y Hoteles, Industrias, Campos agricolas y mucho m\u00e1s.<\/p>\n<\/div><\/div>\n\n\n\n<p><\/p>\n\n\n\n<p><\/p>\n\n\n\n<p>Para cualquier informaci\u00f3n no dudes en escribirnos a trav\u00e9s del siguiente enlace de <a href=\"https:\/\/api.whatsapp.com\/send\/?phone=584144240744&amp;text&amp;type=phone_number&amp;app_absent=0\">CONTACTO.<\/a><\/p>\n\n\n<div class=\"wp-block-image\">\n<figure class=\"aligncenter size-large\"><img loading=\"lazy\" decoding=\"async\" width=\"1024\" height=\"178\" src=\"https:\/\/data.com.ve\/wp-content\/uploads\/2023\/05\/DATA-PARTNERTS-1-1024x178.jpg\" alt=\"\" class=\"wp-image-370\" srcset=\"https:\/\/data.com.ve\/blogs\/wp-content\/uploads\/2023\/05\/DATA-PARTNERTS-1-1024x178.jpg 1024w, https:\/\/data.com.ve\/blogs\/wp-content\/uploads\/2023\/05\/DATA-PARTNERTS-1-300x52.jpg 300w, https:\/\/data.com.ve\/blogs\/wp-content\/uploads\/2023\/05\/DATA-PARTNERTS-1-768x133.jpg 768w, https:\/\/data.com.ve\/blogs\/wp-content\/uploads\/2023\/05\/DATA-PARTNERTS-1.jpg 1375w\" sizes=\"auto, (max-width: 1024px) 100vw, 1024px\" \/><\/figure>\n<\/div>","protected":false},"excerpt":{"rendered":"<p>En DATA, cada d\u00eda nos encanta poder contribuir con el desarrollo y productividad corporativa de tu organizaci\u00f3n, son m\u00e1s de \u00a120 a\u00f1os de experiencia!, sumando confianza, es por ello que basados en ese principio desarrollamos propuestas tecnol\u00f3gicas acertadas para implementar herramientas y soluciones que permitan mejorar tus plataformas de comunicaciones de voz y datos de [&hellip;]<\/p>\n","protected":false},"author":1,"featured_media":0,"parent":0,"menu_order":1,"comment_status":"closed","ping_status":"closed","template":"template\/fullwidth.php","meta":{"footnotes":""},"class_list":["post-33","page","type-page","status-publish","hentry"],"_links":{"self":[{"href":"https:\/\/data.com.ve\/blogs\/wp-json\/wp\/v2\/pages\/33","targetHints":{"allow":["GET"]}}],"collection":[{"href":"https:\/\/data.com.ve\/blogs\/wp-json\/wp\/v2\/pages"}],"about":[{"href":"https:\/\/data.com.ve\/blogs\/wp-json\/wp\/v2\/types\/page"}],"author":[{"embeddable":true,"href":"https:\/\/data.com.ve\/blogs\/wp-json\/wp\/v2\/users\/1"}],"replies":[{"embeddable":true,"href":"https:\/\/data.com.ve\/blogs\/wp-json\/wp\/v2\/comments?post=33"}],"version-history":[{"count":67,"href":"https:\/\/data.com.ve\/blogs\/wp-json\/wp\/v2\/pages\/33\/revisions"}],"predecessor-version":[{"id":444,"href":"https:\/\/data.com.ve\/blogs\/wp-json\/wp\/v2\/pages\/33\/revisions\/444"}],"wp:attachment":[{"href":"https:\/\/data.com.ve\/blogs\/wp-json\/wp\/v2\/media?parent=33"}],"curies":[{"name":"wp","href":"https:\/\/api.w.org\/{rel}","templated":true}]}}